{"id":608,"date":"2022-11-14T01:10:02","date_gmt":"2022-11-13T18:10:02","guid":{"rendered":"http:\/\/facom.vn2t.net\/?page_id=608"},"modified":"2023-12-30T10:33:48","modified_gmt":"2023-12-30T03:33:48","slug":"gioi-thieu","status":"publish","type":"page","link":"https:\/\/metalcoatingsvn.com\/?page_id=608","title":{"rendered":"Gi\u1edbi thi\u1ec7u"},"content":{"rendered":"<div id=\"pl-608\"  class=\"panel-layout\" ><div id=\"pg-608-0\"  class=\"panel-grid panel-has-style\" ><div class=\"bg-xs-3 siteorigin-panels-stretch panel-row-style panel-row-style-for-608-0\" data-stretch-type=\"full\" ><div id=\"pgc-608-0-0\"  class=\"panel-grid-cell\" ><div id=\"panel-608-0-0-0\" class=\"so-panel widget widget_section-home-widget panel-first-child panel-last-child\" data-index=\"0\" ><div\n\t\t\t\n\t\t\tclass=\"so-widget-section-home-widget so-widget-section-home-widget-base\"\n\t\t\t\n\t\t>\n<div class=\"title-card text-white\">\n\t<div class=\"title-part\">\n\t\t\t\t<h2>T\u1ed5ng quan v\u1ec1 METAL<\/h2>\n\t\t<h3>M\u1ed9t s\u1ea3n ph\u1ea9m c\u1ee7a t\u1eadp \u0111o\u00e0n H\u1ea3i Qu\u00e2n<\/h3>\t<\/div>\n\t<div class=\"description\">C\u00d4NG TY C\u1ed4 PH\u1ea6N METAL COATINGS \u0111\u00e3 kh\u1eb3ng \u0111\u1ecbnh \u0111\u01b0\u1ee3c v\u1ecb th\u1ebf c\u1ee7a m\u00ecnh tr\u00ean th\u1ecb tr\u01b0\u1eddng v\u00e0 to\u00e0n khu v\u1ef1c trong ng\u00e0nh x\u00e2y d\u1ef1ng. Ch\u00fang t\u00f4i l\u00e0 \u0111\u01a1n v\u1ecb chuy\u00ean nghi\u1ec7p ho\u1ea1t \u0111\u1ed9ng trong l\u0129nh v\u1ef1c s\u1ea3n xu\u1ea5t, kinh doanh, xu\u1ea5t nh\u1eadp kh\u1ea9u, ph\u00e2n ph\u1ed1i, t\u01b0 v\u1ea5n gi\u1ea3i ph\u00e1p x\u00e2y d\u1ef1ng, v\u1eadt li\u1ec7u x\u00e2y d\u1ef1ng. V\u1edbi s\u1ef1 tr\u00fa tr\u1ecdng l\u1ef1a ch\u1ecdn d\u00e2y chuy\u1ec1n, \u0111\u1ea7u t\u01b0 cao v\u1ec1 c\u00f4ng ngh\u1ec7 s\u1ea3n xu\u1ea5t v\u00e0 s\u1ee9 m\u1ec7nh \"\u0110\u1ed3ng h\u00e0nh c\u00f9ng s\u1ef1 h\u01b0ng th\u1ecbnh\", c\u00f3 th\u1ec3 kh\u1eb3ng \u0111\u1ecbnh r\u1eb1ng s\u1ea3n ph\u1ea9m v\u00e0 d\u1ecbch v\u1ee5 c\u1ee7a Tropical mang \u0111\u1ebfn c\u1ed9ng \u0111\u1ed3ng lu\u00f4n \u0111\u1ea3m b\u1ea3o l\u1ee3i \u00edch cao nh\u1ea5t cho kh\u00e1ch h\u00e0ng, \u0111\u1ed1i t\u00e1c v\u00e0 n\u00e2ng cao ch\u1ea5t l\u01b0\u1ee3ng cu\u1ed9c s\u1ed1ng t\u1eeb nh\u1eefng gi\u00e1 tr\u1ecb \u0111\u00edch th\u1ef1c.\n\n<\/div>\t<a class=\"button\" href=\"https:\/\/metalcoatingsvn.com\/?page_id=1259\">Xem h\u1ed3 s\u01a1 n\u0103ng l\u1ef1c<\/a><\/div><\/div><\/div><\/div><div id=\"pgc-608-0-1\"  class=\"panel-grid-cell\" ><div id=\"panel-608-0-1-0\" class=\"so-panel widget widget_sow-image panel-first-child panel-last-child\" data-index=\"1\" ><div class=\"panel-widget-style panel-widget-style-for-608-0-1-0\" ><div\n\t\t\t\n\t\t\tclass=\"so-widget-sow-image so-widget-sow-image-default-8b5b6f678277-608\"\n\t\t\t\n\t\t>\n\n<div class=\"sow-image-container\">\n\t\t<img src=\"https:\/\/metalcoatingsvn.com\/wp-content\/uploads\/2023\/12\/128528657_2946437602244224_3754789273079885905_o.jpg\" width=\"1280\" height=\"960\" srcset=\"https:\/\/metalcoatingsvn.com\/wp-content\/uploads\/2023\/12\/128528657_2946437602244224_3754789273079885905_o.jpg 1280w, https:\/\/metalcoatingsvn.com\/wp-content\/uploads\/2023\/12\/128528657_2946437602244224_3754789273079885905_o-400x300.jpg 400w\" sizes=\"(max-width: 1280px) 100vw, 1280px\" alt=\"\" loading=\"lazy\" \t\tclass=\"so-widget-image\"\/>\n\t<\/div>\n\n<\/div><\/div><\/div><\/div><\/div><\/div><div id=\"pg-608-1\"  class=\"panel-grid panel-has-style\" ><div class=\"siteorigin-panels-stretch panel-row-style panel-row-style-for-608-1\" data-stretch-type=\"full\" ><div id=\"pgc-608-1-0\"  class=\"panel-grid-cell\" ><div id=\"panel-608-1-0-0\" class=\"so-panel widget widget_sow-image panel-first-child panel-last-child\" data-index=\"2\" ><div\n\t\t\t\n\t\t\tclass=\"so-widget-sow-image so-widget-sow-image-default-dbf295114b96-608\"\n\t\t\t\n\t\t>\n\n<div class=\"sow-image-container\">\n\t\t<img src=\"https:\/\/metalcoatingsvn.com\/wp-content\/uploads\/2019\/11\/samson-ZGjbiukp.jpg\" width=\"1000\" height=\"666\" sizes=\"(max-width: 1000px) 100vw, 1000px\" alt=\"\" loading=\"lazy\" \t\tclass=\"so-widget-image\"\/>\n\t<\/div>\n\n<\/div><\/div><\/div><div id=\"pgc-608-1-1\"  class=\"panel-grid-cell\" ><div id=\"panel-608-1-1-0\" class=\"so-panel widget widget_section-home-widget panel-first-child panel-last-child\" data-index=\"3\" ><div class=\"panel-widget-style panel-widget-style-for-608-1-1-0\" ><div\n\t\t\t\n\t\t\tclass=\"so-widget-section-home-widget so-widget-section-home-widget-base\"\n\t\t\t\n\t\t>\n<div class=\"title-card\">\n\t<div class=\"title-part\">\n\t\t\t\t<h2>V\u1ec1 s\u01a1n METAL<\/h2>\n\t\t\t<\/div>\n\t<div class=\"description\"><p>C\u00f4ng ty METAL \u1ee9ng d\u1ee5ng d\u00e2y chuy\u1ec1n c\u00f4ng ngh\u1ec7 s\u1ea3n xu\u1ea5t ti\u00ean ti\u1ebfn nh\u1ea5t hi\u1ec7n nay c\u00f9ng v\u1edbi kinh nghi\u1ec7m trong l\u0129nh v\u1ef1c s\u01a1n v\u00e0 s\u1ef1 hi\u1ec3u bi\u1ebft \u0111i\u1ec1u ki\u1ec7n th\u1eddi ti\u1ebft Vi\u1ec7t Nam, ch\u00fang t\u00f4i t\u1ef1 tin cam k\u1ebft cung c\u1ea5p nh\u1eefng d\u00f2ng s\u01a1n ch\u1ea5t l\u01b0\u1ee3ng, t\u1ed1i \u01b0u cho ng\u01b0\u1eddi ti\u00eau d\u00f9ng Vi\u1ec7t.<\/p>\n<p>S\u1edf h\u1eefu 6 d\u00f2ng s\u01a1n v\u01b0\u1ee3t tr\u1ed9i hi\u1ec7n nay (s\u01a1n l\u00f3t kh\u00e1ng ki\u1ec1m, s\u01a1n n\u1ed9i th\u1ea5t, s\u01a1n ngo\u1ea1i th\u1ea5t, s\u01a1n ch\u1ed1ng th\u1ea5m si\u00eau b\u1ec1n, s\u01a1n kinh t\u1ebf, s\u01a1n \u0111\u1eb7c bi\u1ec7t) \u0111\u01b0\u1ee3c s\u1eed d\u1ee5ng t\u1eeb nh\u1eefng nguy\u00ean li\u1ec7u \u0111\u01b0\u1ee3c c\u00e1c chuy\u00ean gia ki\u1ec3m tra ch\u1ea5t l\u01b0\u1ee3ng k\u0129 l\u01b0\u1ee1ng. \u0110\u00e2y l\u00e0 nh\u1eefng s\u1ea3n ph\u1ea9m \u0111\u1ea1t ti\u00eau chu\u1ea9n ph\u00f9 h\u1ee3p v\u1edbi kh\u00ed h\u1eadu Vi\u1ec7t Nam.<\/p>\n<\/div>\t<\/div><\/div><\/div><\/div><\/div><\/div><\/div><div id=\"pg-608-2\"  class=\"panel-grid panel-has-style\" ><div class=\"siteorigin-panels-stretch panel-row-style panel-row-style-for-608-2\" data-stretch-type=\"full\" ><div id=\"pgc-608-2-0\"  class=\"panel-grid-cell\" ><div id=\"panel-608-2-0-0\" class=\"so-panel widget widget_section-home-widget panel-first-child\" data-index=\"4\" ><div class=\"panel-widget-style panel-widget-style-for-608-2-0-0\" ><div\n\t\t\t\n\t\t\tclass=\"so-widget-section-home-widget so-widget-section-home-widget-base\"\n\t\t\t\n\t\t>\n<div class=\"title-card\">\n\t<div class=\"title-part\">\n\t\t\t\t<h2>S\u1ee9 m\u1ec7nh v\u00e0 t\u1ea7m nh\u00ecn<\/h2>\n\t\t\t<\/div>\n\t<div class=\"description\">S\u1ee9 m\u1ec7nh c\u1ee7a s\u01a1n METAL: B\u1ec1n \u0111\u1eb9p theo n\u0103m th\u00e1ng\n\nS\u01a1n METAL th\u00e2n thi\u1ec7n v\u1edbi m\u00f4i tr\u01b0\u1eddng, s\u1ebd l\u00e0 gi\u1ea3i ph\u00e1p b\u1ea3o v\u1ec7 s\u1ee9c kh\u1ecfe c\u1ee7a gia \u0111\u00ecnh b\u1ea1n, gi\u00fap c\u00e1c th\u00e0nh vi\u00ean trong gia \u0111\u00ecnh lu\u00f4n an t\u00e2m th\u01b0 gi\u00e3n trong kh\u00f4ng gian t\u01b0\u01a1i m\u00e1t, t\u1eadn h\u01b0\u1edfng nh\u1eefng gi\u00e2y ph\u00fat \u1ea5m c\u00fang trong t\u1ed5 \u1ea5m c\u1ee7a m\u00ecnh.\n\nS\u01a1n METAL kh\u00f4ng ch\u1ec9 cung c\u1ea5p nhi\u1ec1u m\u1eabu s\u1ea3n ph\u1ea9m \u0111a d\u1ea1ng m\u00e0 ch\u00fang t\u00f4i c\u00f2n kh\u00f4ng ng\u1eebng c\u1ea3i ti\u1ebfn ch\u1ea5t l\u01b0\u1ee3ng s\u01a1n, ch\u1ea5t ph\u1ee7 ph\u1ee9c t\u1ea1p v\u00e0 tinh t\u1ebf h\u01a1n, v\u01b0\u1ee3t qua ph\u1ea1m vi trang tr\u00ed \u0111\u01a1n thu\u1ea7n v\u00e0 mang l\u1ea1i c\u1ea3 l\u1ee3i \u00edch v\u1ec1 c\u1ea3 khoa h\u1ecdc l\u1eabn c\u00f4ng ngh\u1ec7 \u0111\u1ebfn v\u1edbi kh\u00e1ch h\u00e0ng.<\/div>\t<\/div><\/div><\/div><\/div><div id=\"panel-608-2-0-1\" class=\"so-panel widget widget_sow-image panel-last-child\" data-index=\"5\" ><div class=\"panel-widget-style panel-widget-style-for-608-2-0-1\" ><div\n\t\t\t\n\t\t\tclass=\"so-widget-sow-image so-widget-sow-image-default-dbf295114b96-608\"\n\t\t\t\n\t\t>\n\n<div class=\"sow-image-container\">\n\t\t<img src=\"https:\/\/metalcoatingsvn.com\/wp-content\/uploads\/2019\/11\/hunters-race-MYbhN8KaaEc-unsplash.jpg\" width=\"1000\" height=\"320\" sizes=\"(max-width: 1000px) 100vw, 1000px\" alt=\"\" loading=\"lazy\" \t\tclass=\"so-widget-image\"\/>\n\t<\/div>\n\n<\/div><\/div><\/div><\/div><\/div><\/div><\/div>","protected":false},"excerpt":{"rendered":"<p>T\u1ed5ng quan v\u1ec1 METAL M\u1ed9t s\u1ea3n ph\u1ea9m c\u1ee7a t\u1eadp \u0111o\u00e0n H\u1ea3i Qu\u00e2n C\u00d4NG TY C\u1ed4 PH\u1ea6N METAL COATINGS \u0111\u00e3 kh\u1eb3ng \u0111\u1ecbnh \u0111\u01b0\u1ee3c v\u1ecb th\u1ebf c\u1ee7a m\u00ecnh tr\u00ean th\u1ecb tr\u01b0\u1eddng v\u00e0 to\u00e0n khu v\u1ef1c trong ng\u00e0nh x\u00e2y d\u1ef1ng. Ch\u00fang t\u00f4i l\u00e0 \u0111\u01a1n v\u1ecb chuy\u00ean nghi\u1ec7p ho\u1ea1t \u0111\u1ed9ng trong l\u0129nh v\u1ef1c s\u1ea3n xu\u1ea5t, kinh doanh, xu\u1ea5t nh\u1eadp [&hellip;]<\/p>\n","protected":false},"author":2,"featured_media":0,"parent":0,"menu_order":0,"comment_status":"closed","ping_status":"closed","template":"templates\/hide-title.php","meta":[],"acf":[],"_links":{"self":[{"href":"https:\/\/metalcoatingsvn.com\/index.php?rest_route=\/wp\/v2\/pages\/608"}],"collection":[{"href":"https:\/\/metalcoatingsvn.com\/index.php?rest_route=\/wp\/v2\/pages"}],"about":[{"href":"https:\/\/metalcoatingsvn.com\/index.php?rest_route=\/wp\/v2\/types\/page"}],"author":[{"embeddable":true,"href":"https:\/\/metalcoatingsvn.com\/index.php?rest_route=\/wp\/v2\/users\/2"}],"replies":[{"embeddable":true,"href":"https:\/\/metalcoatingsvn.com\/index.php?rest_route=%2Fwp%2Fv2%2Fcomments&post=608"}],"version-history":[{"count":29,"href":"https:\/\/metalcoatingsvn.com\/index.php?rest_route=\/wp\/v2\/pages\/608\/revisions"}],"predecessor-version":[{"id":1687,"href":"https:\/\/metalcoatingsvn.com\/index.php?rest_route=\/wp\/v2\/pages\/608\/revisions\/1687"}],"wp:attachment":[{"href":"https:\/\/metalcoatingsvn.com\/index.php?rest_route=%2Fwp%2Fv2%2Fmedia&parent=608"}],"curies":[{"name":"wp","href":"https:\/\/api.w.org\/{rel}","templated":true}]}}