{"id":428,"date":"2022-11-24T16:14:34","date_gmt":"2022-11-24T09:14:34","guid":{"rendered":"http:\/\/facom.vn2t.net\/?page_id=428"},"modified":"2023-08-14T14:51:58","modified_gmt":"2023-08-14T07:51:58","slug":"lien-he","status":"publish","type":"page","link":"https:\/\/metalcoatingsvn.com\/?page_id=428","title":{"rendered":"Li\u00ean h\u1ec7"},"content":{"rendered":"<div id=\"pl-428\"  class=\"panel-layout\" ><div id=\"pg-428-0\"  class=\"panel-grid panel-no-style\" ><div id=\"pgc-428-0-0\"  class=\"panel-grid-cell\" ><div id=\"panel-428-0-0-0\" class=\"so-panel widget widget_sow-editor panel-first-child\" data-index=\"0\" ><div\n\t\t\t\n\t\t\tclass=\"so-widget-sow-editor so-widget-sow-editor-base\"\n\t\t\t\n\t\t>\n<div class=\"siteorigin-widget-tinymce textwidget\">\n\t<h2>C\u00d4NG TY C\u1ed4 PH\u1ea6N METAL COATINGS<\/h2>\n<p><strong>VPGD:<\/strong> S\u1ed1 364 Ph\u1ed1 \u0110\u1ed9i C\u1ea5n, Ph\u01b0\u1eddng C\u1ed1ng V\u1ecb, Qu\u1eadn Ba \u0110\u00ecnh, Th\u00e0nh ph\u1ed1 H\u00e0 N\u1ed9i<br \/>\n<strong>\u0110\u1ecba ch\u1ec9 nh\u00e0 m\u00e1y:<\/strong>\u00a0L\u00f4 K1-1, KCN \u0110\u1ea1i \u0110\u1ed3ng, Ho\u00e0n S\u01a1n, Ti\u00ean Du, B\u1eafc Ninh<br \/>\n<strong>Hotline: 0936.677.688<\/strong><br \/>\n<strong>Email:\u00a0<\/strong>metalpaintgroup@gmail.com<br \/>\n<strong>Website:\u00a0<\/strong><\/p>\n<\/div>\n<\/div><\/div><div id=\"panel-428-0-0-1\" class=\"so-panel widget widget_sow-button panel-last-child\" data-index=\"1\" ><div\n\t\t\t\n\t\t\tclass=\"so-widget-sow-button so-widget-sow-button-flat-9d8965a07b1c-428\"\n\t\t\t\n\t\t><div class=\"ow-button-base ow-button-align-center\">\n\t<a\n\thref=\"tel:0936677688\"\n\t\tclass=\"ow-icon-placement-left ow-button-hover\" target=\"_blank\" rel=\"noopener noreferrer\" \t>\n\t\t<span>\n\t\t\t<span class=\"sow-icon-icomoon\" data-sow-icon=\"&#xe942;\"\n\t\tstyle=\"color: #dd3333\" \n\t\taria-hidden=\"true\"><\/span>\n\t\t\t0936.677.688\t\t<\/span>\n\t<\/a>\n<\/div>\n<\/div><\/div><\/div><div id=\"pgc-428-0-1\"  class=\"panel-grid-cell\" ><div id=\"panel-428-0-1-0\" class=\"widget_text so-panel widget widget_custom_html panel-first-child panel-last-child\" data-index=\"2\" ><div class=\"textwidget custom-html-widget\">\n<div class=\"wpcf7 no-js\" id=\"wpcf7-f7-o1\" lang=\"vi\" dir=\"ltr\">\n<div class=\"screen-reader-response\"><p role=\"status\" aria-live=\"polite\" aria-atomic=\"true\"><\/p> <ul><\/ul><\/div>\n<form action=\"\/index.php?rest_route=%2Fwp%2Fv2%2Fpages%2F428#wpcf7-f7-o1\" method=\"post\" class=\"wpcf7-form init\" aria-label=\"Form li\u00ean h\u1ec7\" novalidate=\"novalidate\" data-status=\"init\">\n<div style=\"display: none;\">\n<input type=\"hidden\" name=\"_wpcf7\" value=\"7\" \/>\n<input type=\"hidden\" name=\"_wpcf7_version\" value=\"5.8.5\" \/>\n<input type=\"hidden\" name=\"_wpcf7_locale\" value=\"vi\" \/>\n<input type=\"hidden\" name=\"_wpcf7_unit_tag\" value=\"wpcf7-f7-o1\" \/>\n<input type=\"hidden\" name=\"_wpcf7_container_post\" value=\"0\" \/>\n<input type=\"hidden\" name=\"_wpcf7_posted_data_hash\" value=\"\" \/>\n<\/div>\n<p><label>H\u1ecd v\u00e0 t\u00ean *<\/label><br \/>\n<span class=\"wpcf7-form-control-wrap\" data-name=\"your-name\"><input size=\"40\" class=\"wpcf7-form-control wpcf7-text wpcf7-validates-as-required\" aria-required=\"true\" aria-invalid=\"false\" value=\"\" type=\"text\" name=\"your-name\" \/><\/span><br \/>\n<label>S\u1ed1 \u0111i\u1ec7n tho\u1ea1i *<\/label><br \/>\n<span class=\"wpcf7-form-control-wrap\" data-name=\"your-tel\"><input size=\"40\" class=\"wpcf7-form-control wpcf7-tel wpcf7-validates-as-required wpcf7-text wpcf7-validates-as-tel\" aria-required=\"true\" aria-invalid=\"false\" value=\"\" type=\"tel\" name=\"your-tel\" \/><\/span><br \/>\n<label>Email<\/label><br \/>\n<span class=\"wpcf7-form-control-wrap\" data-name=\"your-email\"><input size=\"40\" class=\"wpcf7-form-control wpcf7-email wpcf7-text wpcf7-validates-as-email\" aria-invalid=\"false\" value=\"\" type=\"email\" name=\"your-email\" \/><\/span><br \/>\n<label>N\u1ed9i dung<\/label><br \/>\n<span class=\"wpcf7-form-control-wrap\" data-name=\"your-message\"><textarea cols=\"40\" rows=\"10\" class=\"wpcf7-form-control wpcf7-textarea\" aria-invalid=\"false\" name=\"your-message\"><\/textarea><\/span><br \/>\n<input class=\"wpcf7-form-control wpcf7-submit has-spinner\" type=\"submit\" value=\"G\u1eedi\" \/>\n<\/p><div class=\"wpcf7-response-output\" aria-hidden=\"true\"><\/div>\n<\/form>\n<\/div>\n<\/div><\/div><\/div><div id=\"pgc-428-0-2\"  class=\"panel-grid-cell\" ><div id=\"panel-428-0-2-0\" class=\"widget_text so-panel widget widget_custom_html panel-first-child panel-last-child\" data-index=\"3\" ><div class=\"textwidget custom-html-widget\"><iframe src=\"https:\/\/www.google.com\/maps\/embed?pb=!1m18!1m12!1m3!1d3723.8713629782687!2d105.80948847603399!3d21.037832487465362!2m3!1f0!2f0!3f0!3m2!1i1024!2i768!4f13.1!3m3!1m2!1s0x3135ab1385c90f59%3A0x62d0c24240d081f0!2zMzY0IFAuIMSQ4buZaSBD4bqlbiwgQ-G7kW5nIFbhu4ssIEJhIMSQw6xuaCwgSMOgIE7hu5lpLCBWaeG7h3QgTmFt!5e0!3m2!1svi!2s!4v1691999482803!5m2!1svi!2s\" width=\"100%\" height=\"450\" style=\"border:0;\" allowfullscreen=\"\" loading=\"lazy\" referrerpolicy=\"no-referrer-when-downgrade\"><\/iframe><\/div><\/div><\/div><\/div><\/div>","protected":false},"excerpt":{"rendered":"<p>C\u00d4NG TY C\u1ed4 PH\u1ea6N METAL COATINGS VPGD: S\u1ed1 364 Ph\u1ed1 \u0110\u1ed9i C\u1ea5n, Ph\u01b0\u1eddng C\u1ed1ng V\u1ecb, Qu\u1eadn Ba \u0110\u00ecnh, Th\u00e0nh ph\u1ed1 H\u00e0 N\u1ed9i \u0110\u1ecba ch\u1ec9 nh\u00e0 m\u00e1y:\u00a0L\u00f4 K1-1, KCN \u0110\u1ea1i \u0110\u1ed3ng, Ho\u00e0n S\u01a1n, Ti\u00ean Du, B\u1eafc Ninh Hotline: 0936.677.688 Email:\u00a0metalpaintgroup@gmail.com Website:\u00a0<\/p>\n","protected":false},"author":2,"featured_media":0,"parent":0,"menu_order":0,"comment_status":"closed","ping_status":"closed","template":"templates\/header-absolute2.php","meta":[],"acf":[],"_links":{"self":[{"href":"https:\/\/metalcoatingsvn.com\/index.php?rest_route=\/wp\/v2\/pages\/428"}],"collection":[{"href":"https:\/\/metalcoatingsvn.com\/index.php?rest_route=\/wp\/v2\/pages"}],"about":[{"href":"https:\/\/metalcoatingsvn.com\/index.php?rest_route=\/wp\/v2\/types\/page"}],"author":[{"embeddable":true,"href":"https:\/\/metalcoatingsvn.com\/index.php?rest_route=\/wp\/v2\/users\/2"}],"replies":[{"embeddable":true,"href":"https:\/\/metalcoatingsvn.com\/index.php?rest_route=%2Fwp%2Fv2%2Fcomments&post=428"}],"version-history":[{"count":14,"href":"https:\/\/metalcoatingsvn.com\/index.php?rest_route=\/wp\/v2\/pages\/428\/revisions"}],"predecessor-version":[{"id":1674,"href":"https:\/\/metalcoatingsvn.com\/index.php?rest_route=\/wp\/v2\/pages\/428\/revisions\/1674"}],"wp:attachment":[{"href":"https:\/\/metalcoatingsvn.com\/index.php?rest_route=%2Fwp%2Fv2%2Fmedia&parent=428"}],"curies":[{"name":"wp","href":"https:\/\/api.w.org\/{rel}","templated":true}]}}