{"id":2,"date":"2022-11-22T09:17:11","date_gmt":"2022-11-22T02:17:11","guid":{"rendered":"http:\/\/zola.localhost\/?page_id=2"},"modified":"2023-07-22T14:17:13","modified_gmt":"2023-07-22T07:17:13","slug":"homepage","status":"publish","type":"page","link":"https:\/\/metalcoatingsvn.com\/","title":{"rendered":"Homepage"},"content":{"rendered":"<div id=\"pl-2\"  class=\"panel-layout\" ><div id=\"pg-2-0\"  class=\"panel-grid panel-has-style\" ><div class=\"bg-xs-1 siteorigin-panels-stretch panel-row-style panel-row-style-for-2-0\" data-stretch-type=\"full\" ><div id=\"pgc-2-0-0\"  class=\"panel-grid-cell panel-grid-cell-mobile-last\" ><div id=\"panel-2-0-0-0\" class=\"so-panel widget widget_section-home-widget panel-first-child panel-last-child\" data-index=\"0\" ><div\n\t\t\t\n\t\t\tclass=\"so-widget-section-home-widget so-widget-section-home-widget-base\"\n\t\t\t\n\t\t>\n<div class=\"title-card\">\n\t<div class=\"title-part\">\n\t\t<h4>CHUNG TAY V\u00cc CH\u1ea4T L\u01af\u1ee2NG<\/h4>\t\t<h2>Nghi\u00ean c\u1ee9u s\u1ea3n xu\u1ea5t tr\u00ean d\u00e2y truy\u1ec1n ti\u00ean ti\u1ebfn<\/h2>\n\t\t<h3>\u0110\u1ed9t ph\u00e1 c\u00f4ng ngh\u1ec7<\/h3>\t<\/div>\n\t<div class=\"description\">B\u1ea3o v\u1ec7 ng\u00f4i nh\u00e0 c\u1ee7a b\u1ea1n tr\u01b0\u1edbc c\u00e1c t\u00e1c \u0111\u1ed9ng t\u1eeb m\u00f4i tr\u01b0\u1eddng b\u00ean ngo\u00e0i, ch\u1ed1ng tia UV, ch\u1ed1ng n\u1ea5m m\u1ed1c,...<\/div>\t<\/div><\/div><\/div><\/div><div id=\"pgc-2-0-1\"  class=\"panel-grid-cell panel-grid-cell-empty\" ><\/div><\/div><\/div><div id=\"pg-2-1\"  class=\"panel-grid panel-has-style\" ><div class=\"bg-xs-2 siteorigin-panels-stretch panel-row-style panel-row-style-for-2-1\" data-stretch-type=\"full\" ><div id=\"pgc-2-1-0\"  class=\"panel-grid-cell panel-grid-cell-empty\" ><\/div><div id=\"pgc-2-1-1\"  class=\"panel-grid-cell\" ><div id=\"panel-2-1-1-0\" class=\"so-panel widget widget_siteorigin-panels-builder panel-first-child\" data-index=\"1\" ><div id=\"pl-w64bb80392ff73\"  class=\"panel-layout\" ><div id=\"pg-w64bb80392ff73-0\"  class=\"panel-grid panel-no-style\" ><div id=\"pgc-w64bb80392ff73-0-0\"  class=\"panel-grid-cell panel-grid-cell-mobile-last\" ><div id=\"panel-w64bb80392ff73-0-0-0\" class=\"so-panel widget widget_sow-image panel-first-child panel-last-child\" data-index=\"0\" ><div\n\t\t\t\n\t\t\tclass=\"so-widget-sow-image so-widget-sow-image-default-8b5b6f678277\"\n\t\t\t\n\t\t>\n\n<div class=\"sow-image-container\">\n\t\t<img src=\"https:\/\/metalcoatingsvn.com\/wp-content\/uploads\/2023\/07\/z4535357483036_12f263c0a09532c0dee2f3d15ebf5997.jpg\" width=\"819\" height=\"432\" sizes=\"(max-width: 819px) 100vw, 819px\" title=\"Asset 1-svg\" alt=\"\" loading=\"lazy\" \t\tclass=\"so-widget-image\"\/>\n\t<\/div>\n\n<\/div><\/div><\/div><div id=\"pgc-w64bb80392ff73-0-1\"  class=\"panel-grid-cell panel-grid-cell-empty\" ><\/div><\/div><\/div><\/div><div id=\"panel-2-1-1-1\" class=\"so-panel widget widget_section-home-widget panel-last-child\" data-index=\"2\" ><div\n\t\t\t\n\t\t\tclass=\"so-widget-section-home-widget so-widget-section-home-widget-base\"\n\t\t\t\n\t\t>\n<div class=\"title-card text-white\">\n\t<div class=\"title-part\">\n\t\t\t\t<h2>Ph\u00f9 h\u1ee3p \u0111i\u1ec1u ki\u1ec7n th\u1eddi ti\u1ebft kh\u00ed h\u1eadu nhi\u1ec7t \u0111\u1edbi kh\u1eafc nhi\u1ec7t<\/h2>\n\t\t\t<\/div>\n\t<div class=\"description\">S\u1ea3n ph\u1ea9m th\u00e2n thi\u1ec7n v\u1edbi m\u00f4i tr\u01b0\u1eddng v\u00e0 an to\u00e0n v\u1edbi ng\u01b0\u1eddi s\u1eed d\u1ee5ng, ti\u1ebft ki\u1ec7m cho m\u1ecdi gia \u0111\u00ecnh<\/div>\t<a class=\"button\" href=\"https:\/\/metalcoatingsvn.com\/?page_id=608\">XEM TH\u00caM<\/a><\/div><\/div><\/div><\/div><\/div><\/div><div id=\"pg-2-2\"  class=\"panel-grid panel-has-style\" ><div class=\"siteorigin-panels-stretch panel-row-style panel-row-style-for-2-2\" data-stretch-type=\"full\" ><div id=\"pgc-2-2-0\"  class=\"panel-grid-cell\" ><div id=\"panel-2-2-0-0\" class=\"so-panel widget widget_section-home-widget panel-first-child panel-last-child\" data-index=\"3\" ><div class=\"panel-widget-style panel-widget-style-for-2-2-0-0\" ><div\n\t\t\t\n\t\t\tclass=\"so-widget-section-home-widget so-widget-section-home-widget-base\"\n\t\t\t\n\t\t>\n<div class=\"title-card\">\n\t<div class=\"title-part\">\n\t\t\t\t<h2>Cung c\u1ea5p c\u00e1c ph\u1ea7n m\u1ec1m ng\u00e0nh s\u01a1n<\/h2>\n\t\t<h3>D\u1ec5 d\u00e0ng l\u1ef1a ch\u1ecdn<\/h3>\t<\/div>\n\t<div class=\"description\">H\u1ed7 tr\u1ee3 kh\u00e1ch h\u00e0ng l\u1ef1a ch\u1ecdn m\u00e0u s\u01a1n ph\u00f9 h\u1ee3p v\u1edbi s\u1edf th\u00edch v\u00e0 nhu c\u1ea7u.<\/div>\t<\/div><\/div><\/div><\/div><\/div><div id=\"pgc-2-2-1\"  class=\"panel-grid-cell\" ><div id=\"panel-2-2-1-0\" class=\"so-panel widget widget_featured-widget panel-first-child panel-last-child\" data-index=\"4\" ><div\n\t\t\t\n\t\t\tclass=\"so-widget-featured-widget so-widget-featured-widget-base\"\n\t\t\t\n\t\t><div class=\"list-features\">\n\t<div class=\"row\">\n\t\t\t\t\t\t<div class=\"col-12 col-md-6 col-lg-6\">\n\t\t\t\t<a href=\"https:\/\/metalcoatingsvn.com\/?page_id=238\">\t\t\t\t<div class=\"feature-item\">\n\t\t\t\t\t<div class=\"row\">\n\t\t\t\t\t<div class=\"image col-4 col-md-12\">\n\t\t\t\t\t\t<img src=\"https:\/\/metalcoatingsvn.com\/wp-content\/uploads\/2019\/11\/phong-thuy.svg\" alt=\"Ph\u1ea7n m\u1ec1m phong th\u1ee7y\">\n\t\t\t\t\t<\/div>\n\t\t\t\t\t<div class=\"inner-text col-8 col-md-12\">\n\t\t\t\t\t\t<h3>Ph\u1ea7n m\u1ec1m phong th\u1ee7y<\/h3>\n\t\t\t\t\t\t<p>L\u1ef1a ch\u1ecdn m\u00e0u s\u01a1n h\u1ee3p b\u1ea3n m\u1ec7nh gia ch\u1ee7 theo thuy\u1ebft ng\u0169 h\u00e0nh<\/p>\t\t\t\t\t\t<div class=\"read-more\"><i class=\"icon icon-arrow-right\"><\/i><\/div>\t\t\t\t\t<\/div>\n\t\t\t\t\t<\/div>\n\t\t\t\t<\/div>\n\t\t\t\t<\/a>\t\t\t\t<\/div>\n\t\t\t\t\t\t\t\t<div class=\"col-12 col-md-6 col-lg-6\">\n\t\t\t\t<a href=\"https:\/\/metalcoatingsvn.com\/?page_id=144\">\t\t\t\t<div class=\"feature-item\">\n\t\t\t\t\t<div class=\"row\">\n\t\t\t\t\t<div class=\"image col-4 col-md-12\">\n\t\t\t\t\t\t<img src=\"https:\/\/metalcoatingsvn.com\/wp-content\/uploads\/2019\/11\/tinh-son.svg\" alt=\"Ph\u1ea7n m\u1ec1m t\u00ednh s\u01a1n\">\n\t\t\t\t\t<\/div>\n\t\t\t\t\t<div class=\"inner-text col-8 col-md-12\">\n\t\t\t\t\t\t<h3>Ph\u1ea7n m\u1ec1m t\u00ednh s\u01a1n<\/h3>\n\t\t\t\t\t\t<p>Gi\u00fap b\u1ea1n t\u00ednh to\u00e1n l\u01b0\u1ee3ng s\u01a1n m\u1ed9t c\u00e1ch ch\u00ednh x\u00e1c v\u00e0 d\u1ec5 d\u00e0ng<\/p>\t\t\t\t\t\t<div class=\"read-more\"><i class=\"icon icon-arrow-right\"><\/i><\/div>\t\t\t\t\t<\/div>\n\t\t\t\t\t<\/div>\n\t\t\t\t<\/div>\n\t\t\t\t<\/a>\t\t\t\t<\/div>\n\t\t\t\t\t<\/div>\n<\/div><\/div><\/div><\/div><\/div><\/div><div id=\"pg-2-3\"  class=\"panel-grid panel-has-style\" ><div class=\"siteorigin-panels-stretch panel-row-style panel-row-style-for-2-3\" data-stretch-type=\"full\" ><div id=\"pgc-2-3-0\"  class=\"panel-grid-cell\" ><div id=\"panel-2-3-0-0\" class=\"so-panel widget widget_section-home-widget panel-first-child\" data-index=\"5\" ><div\n\t\t\t\n\t\t\tclass=\"so-widget-section-home-widget so-widget-section-home-widget-base\"\n\t\t\t\n\t\t>\n<div class=\"title-card\">\n\t<div class=\"title-part\">\n\t\t\t\t<h2>S\u1ea3n ph\u1ea9m METAL n\u1ed5i b\u1eadt<\/h2>\n\t\t\t<\/div>\n\t<div class=\"description\">V\u1edbi c\u00f4ng ngh\u1ec7 v\u01b0\u1ee3t tr\u1ed9i METAL s\u1ebd \u0111em l\u1ea1i cho ng\u00f4i nh\u00e0 b\u1ea1n v\u1ebb \u0111\u1eb9p ho\u00e0n h\u1ea3o<\/div>\t<\/div><\/div><\/div><div id=\"panel-2-3-0-1\" class=\"so-panel widget widget_list-product-widget panel-last-child\" data-index=\"6\" ><div\n\t\t\t\n\t\t\tclass=\"so-widget-list-product-widget so-widget-list-product-widget-base\"\n\t\t\t\n\t\t>    <div class=\"outter-list machine\">\n        <div class=\"row\">\n            \t\t<div class=\"col-12 col-md-4 col-lg-4\">\n\t\t<article id=\"product-1658\" class=\"product-item\">\n\t\t\t<a href=\"https:\/\/metalcoatingsvn.com\/?machine=son-phu-polyurethane-sieu-bong-pc51\" title=\"S\u01a0N PH\u1ee6 POLYURETHANE SI\u00caU B\u00d3NG PC51\">\n\t\t\t\t<h3>S\u01a0N PH\u1ee6 POLYURETHANE SI\u00caU B\u00d3NG PC51<\/h3>\n\t\t\t\t<div class=\"sku\">PC51<\/div>\n\t\t\t\t<div class=\"image\">\n\t\t\t\t\t<img width=\"588\" height=\"700\" src=\"https:\/\/metalcoatingsvn.com\/wp-content\/uploads\/2023\/07\/son-cong-nghiep-588x700-1.jpg\" class=\"attachment-medium size-medium wp-post-image\" alt=\"\" decoding=\"async\" loading=\"lazy\" \/>\t\t\t\t<\/div>\n\t\t\t\t<div class=\"continue\"><i class=\"icon icon-arrow-right\"><\/i><\/div>\n\t\t\t<\/a>\n\t\t<\/article><!-- #product-1658 -->\n\t\t<\/div>\n\t\t\t<div class=\"col-12 col-md-4 col-lg-4\">\n\t\t<article id=\"product-1656\" class=\"product-item\">\n\t\t\t<a href=\"https:\/\/metalcoatingsvn.com\/?machine=son-chong-gi-alkyd-pc41\" title=\"S\u01a0N CH\u1ed0NG G\u1ec8 ALKYD PC41\">\n\t\t\t\t<h3>S\u01a0N CH\u1ed0NG G\u1ec8 ALKYD PC41<\/h3>\n\t\t\t\t<div class=\"sku\">PC41<\/div>\n\t\t\t\t<div class=\"image\">\n\t\t\t\t\t<img width=\"588\" height=\"700\" src=\"https:\/\/metalcoatingsvn.com\/wp-content\/uploads\/2023\/07\/son-cong-nghiep-588x700-1.jpg\" class=\"attachment-medium size-medium wp-post-image\" alt=\"\" decoding=\"async\" loading=\"lazy\" \/>\t\t\t\t<\/div>\n\t\t\t\t<div class=\"continue\"><i class=\"icon icon-arrow-right\"><\/i><\/div>\n\t\t\t<\/a>\n\t\t<\/article><!-- #product-1656 -->\n\t\t<\/div>\n\t\t\t<div class=\"col-12 col-md-4 col-lg-4\">\n\t\t<article id=\"product-1654\" class=\"product-item\">\n\t\t\t<a href=\"https:\/\/metalcoatingsvn.com\/?machine=son-lot-san-epoxy-clear-pc80\" title=\"S\u01a0N L\u00d3T S\u00c0N EPOXY CLEAR PC80\">\n\t\t\t\t<h3>S\u01a0N L\u00d3T S\u00c0N EPOXY CLEAR PC80<\/h3>\n\t\t\t\t<div class=\"sku\">PC80<\/div>\n\t\t\t\t<div class=\"image\">\n\t\t\t\t\t<img width=\"588\" height=\"700\" src=\"https:\/\/metalcoatingsvn.com\/wp-content\/uploads\/2023\/07\/son-cong-nghiep-588x700-1.jpg\" class=\"attachment-medium size-medium wp-post-image\" alt=\"\" decoding=\"async\" loading=\"lazy\" \/>\t\t\t\t<\/div>\n\t\t\t\t<div class=\"continue\"><i class=\"icon icon-arrow-right\"><\/i><\/div>\n\t\t\t<\/a>\n\t\t<\/article><!-- #product-1654 -->\n\t\t<\/div>\n\t\t\t<div class=\"col-12 col-md-4 col-lg-4\">\n\t\t<article id=\"product-1647\" class=\"product-item\">\n\t\t\t<a href=\"https:\/\/metalcoatingsvn.com\/?machine=son-epoxy-mastic-pc80\" title=\"S\u01a0N EPOXY MASTIC PC80\">\n\t\t\t\t<h3>S\u01a0N EPOXY MASTIC PC80<\/h3>\n\t\t\t\t<div class=\"sku\">PC80<\/div>\n\t\t\t\t<div class=\"image\">\n\t\t\t\t\t<img width=\"588\" height=\"700\" src=\"https:\/\/metalcoatingsvn.com\/wp-content\/uploads\/2023\/07\/son-cong-nghiep-588x700-1.jpg\" class=\"attachment-medium size-medium wp-post-image\" alt=\"\" decoding=\"async\" loading=\"lazy\" \/>\t\t\t\t<\/div>\n\t\t\t\t<div class=\"continue\"><i class=\"icon icon-arrow-right\"><\/i><\/div>\n\t\t\t<\/a>\n\t\t<\/article><!-- #product-1647 -->\n\t\t<\/div>\n\t\t\t<div class=\"col-12 col-md-4 col-lg-4\">\n\t\t<article id=\"product-1644\" class=\"product-item\">\n\t\t\t<a href=\"https:\/\/metalcoatingsvn.com\/?machine=son-phu-epoxy-sieu-bong-pc50\" title=\"S\u01a0N PH\u1ee6 EPOXY SI\u00caU B\u00d3NG PC50\">\n\t\t\t\t<h3>S\u01a0N PH\u1ee6 EPOXY SI\u00caU B\u00d3NG PC50<\/h3>\n\t\t\t\t<div class=\"sku\">PC50<\/div>\n\t\t\t\t<div class=\"image\">\n\t\t\t\t\t<img width=\"588\" height=\"700\" src=\"https:\/\/metalcoatingsvn.com\/wp-content\/uploads\/2023\/07\/son-cong-nghiep-588x700-1.jpg\" class=\"attachment-medium size-medium wp-post-image\" alt=\"\" decoding=\"async\" loading=\"lazy\" \/>\t\t\t\t<\/div>\n\t\t\t\t<div class=\"continue\"><i class=\"icon icon-arrow-right\"><\/i><\/div>\n\t\t\t<\/a>\n\t\t<\/article><!-- #product-1644 -->\n\t\t<\/div>\n\t\t\t<div class=\"col-12 col-md-4 col-lg-4\">\n\t\t<article id=\"product-1641\" class=\"product-item\">\n\t\t\t<a href=\"https:\/\/metalcoatingsvn.com\/?machine=vat-lieu-chong-tham-dan-hoi-mt-m\" title=\"V\u1eacT LI\u1ec6U CH\u1ed0NG TH\u1ea4M \u0110\u00c0N H\u1ed2I MT-M\">\n\t\t\t\t<h3>V\u1eacT LI\u1ec6U CH\u1ed0NG TH\u1ea4M \u0110\u00c0N H\u1ed2I MT-M<\/h3>\n\t\t\t\t<div class=\"sku\">MT-M<\/div>\n\t\t\t\t<div class=\"image\">\n\t\t\t\t\t<img width=\"588\" height=\"700\" src=\"https:\/\/metalcoatingsvn.com\/wp-content\/uploads\/2023\/07\/MT-M-588x700-1.jpg\" class=\"attachment-medium size-medium wp-post-image\" alt=\"\" decoding=\"async\" loading=\"lazy\" \/>\t\t\t\t<\/div>\n\t\t\t\t<div class=\"continue\"><i class=\"icon icon-arrow-right\"><\/i><\/div>\n\t\t\t<\/a>\n\t\t<\/article><!-- #product-1641 -->\n\t\t<\/div>\n\t        <\/div>\n    <\/div>\n\n    \n<\/div><\/div><\/div><\/div><\/div><\/div>","protected":false},"excerpt":{"rendered":"","protected":false},"author":2,"featured_media":0,"parent":0,"menu_order":0,"comment_status":"closed","ping_status":"closed","template":"templates\/hide-title.php","meta":[],"acf":[],"_links":{"self":[{"href":"https:\/\/metalcoatingsvn.com\/index.php?rest_route=\/wp\/v2\/pages\/2"}],"collection":[{"href":"https:\/\/metalcoatingsvn.com\/index.php?rest_route=\/wp\/v2\/pages"}],"about":[{"href":"https:\/\/metalcoatingsvn.com\/index.php?rest_route=\/wp\/v2\/types\/page"}],"author":[{"embeddable":true,"href":"https:\/\/metalcoatingsvn.com\/index.php?rest_route=\/wp\/v2\/users\/2"}],"replies":[{"embeddable":true,"href":"https:\/\/metalcoatingsvn.com\/index.php?rest_route=%2Fwp%2Fv2%2Fcomments&post=2"}],"version-history":[{"count":28,"href":"https:\/\/metalcoatingsvn.com\/index.php?rest_route=\/wp\/v2\/pages\/2\/revisions"}],"predecessor-version":[{"id":1574,"href":"https:\/\/metalcoatingsvn.com\/index.php?rest_route=\/wp\/v2\/pages\/2\/revisions\/1574"}],"wp:attachment":[{"href":"https:\/\/metalcoatingsvn.com\/index.php?rest_route=%2Fwp%2Fv2%2Fmedia&parent=2"}],"curies":[{"name":"wp","href":"https:\/\/api.w.org\/{rel}","templated":true}]}}